{"id":259,"date":"2021-03-07T20:18:16","date_gmt":"2021-03-07T19:18:16","guid":{"rendered":"http:\/\/transvitalique.fr\/?page_id=259"},"modified":"2021-12-12T18:50:26","modified_gmt":"2021-12-12T17:50:26","slug":"le-projet","status":"publish","type":"page","link":"https:\/\/transvitalique.fr\/","title":{"rendered":"Le Projet"},"content":{"rendered":"\n<p>En 2020, vous avez \u00e9t\u00e9 nombreux \u00e0 suivre l&rsquo;\u00e9pop\u00e9e de Jean-Pierre Dick et de Fabrice Renouard \u00e0 bord de \u00ab\u00a0Vitali &#8211; The Kid\u00a0\u00bb lors de l&rsquo;Atlantique Rally for Cruisers et nous tenions \u00e0 vous remercier pour votre soutien et vos encouragements.<\/p>\n\n\n\n<p>Cette ann\u00e9e, le projet Transvitalique se poursuit et se r\u00e9invente avec un objectif encore plus ambitieux pour <strong>Fabrice<\/strong> <strong>Renouard<\/strong> : <\/p>\n\n\n\n<p>Participer avec <strong>Tanguy Duchatele<\/strong>t \u00e0 la prestigieuse :<\/p>\n\n\n\n<p class=\"has-text-align-center\"> <strong><span style=\"color:#f40808\" class=\"has-inline-color\">Transat Jacques Vabre<\/span><\/strong><\/p>\n\n\n\n<p>au d\u00e9part du Havre le <strong>7 novembre 2021<\/strong> et \u00e0 destination de la Martinique \u00e0 bord du :<\/p>\n\n\n\n<p class=\"has-text-align-center\"><strong><span style=\"color:#ee0707\" class=\"has-inline-color\">Class40 \u00ab\u00a0Lenzi &#8211; Lanternes de Paris\u00a0\u00bb<\/span><\/strong><\/p>\n\n\n\n<hr class=\"wp-block-separator\"\/>\n\n\n\n<figure class=\"wp-block-image size-large\"><img loading=\"lazy\" width=\"1024\" height=\"349\" src=\"https:\/\/transvitalique.fr\/wp-content\/uploads\/2021\/03\/Logo-Lenzi-SVG-1024x349.png\" alt=\"\" class=\"wp-image-274\" srcset=\"https:\/\/transvitalique.fr\/wp-content\/uploads\/2021\/03\/Logo-Lenzi-SVG-1024x349.png 1024w, https:\/\/transvitalique.fr\/wp-content\/uploads\/2021\/03\/Logo-Lenzi-SVG-300x102.png 300w, https:\/\/transvitalique.fr\/wp-content\/uploads\/2021\/03\/Logo-Lenzi-SVG-768x262.png 768w, https:\/\/transvitalique.fr\/wp-content\/uploads\/2021\/03\/Logo-Lenzi-SVG-1536x523.png 1536w, https:\/\/transvitalique.fr\/wp-content\/uploads\/2021\/03\/Logo-Lenzi-SVG-2048x698.png 2048w, https:\/\/transvitalique.fr\/wp-content\/uploads\/2021\/03\/Logo-Lenzi-SVG-1240x422.png 1240w, https:\/\/transvitalique.fr\/wp-content\/uploads\/2021\/03\/Logo-Lenzi-SVG-508x173.png 508w\" sizes=\"(max-width: 1024px) 100vw, 1024px\" \/><\/figure>\n\n\n\n<figure class=\"wp-block-gallery columns-2 is-cropped\"><ul class=\"blocks-gallery-grid\"><li class=\"blocks-gallery-item\"><figure><img loading=\"lazy\" width=\"1024\" height=\"1024\" src=\"https:\/\/transvitalique.fr\/wp-content\/uploads\/2021\/10\/Crous-logo-lyon-1024x1024.png\" alt=\"\" data-id=\"436\" data-full-url=\"https:\/\/transvitalique.fr\/wp-content\/uploads\/2021\/10\/Crous-logo-lyon.png\" data-link=\"https:\/\/transvitalique.fr\/index.php\/le-projet\/crous-logo-lyon-2\/\" class=\"wp-image-436\" srcset=\"https:\/\/transvitalique.fr\/wp-content\/uploads\/2021\/10\/Crous-logo-lyon-1024x1024.png 1024w, https:\/\/transvitalique.fr\/wp-content\/uploads\/2021\/10\/Crous-logo-lyon-300x300.png 300w, https:\/\/transvitalique.fr\/wp-content\/uploads\/2021\/10\/Crous-logo-lyon-150x150.png 150w, https:\/\/transvitalique.fr\/wp-content\/uploads\/2021\/10\/Crous-logo-lyon-768x768.png 768w, https:\/\/transvitalique.fr\/wp-content\/uploads\/2021\/10\/Crous-logo-lyon-1536x1536.png 1536w, https:\/\/transvitalique.fr\/wp-content\/uploads\/2021\/10\/Crous-logo-lyon-2048x2048.png 2048w, https:\/\/transvitalique.fr\/wp-content\/uploads\/2021\/10\/Crous-logo-lyon-125x125.png 125w\" sizes=\"(max-width: 1024px) 100vw, 1024px\" \/><\/figure><\/li><li class=\"blocks-gallery-item\"><figure><img loading=\"lazy\" width=\"1024\" height=\"1024\" src=\"https:\/\/transvitalique.fr\/wp-content\/uploads\/2021\/10\/logo_orange-Bourbon-Lancy-1024x1024.jpg\" alt=\"\" data-id=\"435\" data-full-url=\"https:\/\/transvitalique.fr\/wp-content\/uploads\/2021\/10\/logo_orange-Bourbon-Lancy.jpg\" data-link=\"https:\/\/transvitalique.fr\/index.php\/le-projet\/logo_orange-bourbon-lancy\/\" class=\"wp-image-435\" srcset=\"https:\/\/transvitalique.fr\/wp-content\/uploads\/2021\/10\/logo_orange-Bourbon-Lancy-1024x1024.jpg 1024w, https:\/\/transvitalique.fr\/wp-content\/uploads\/2021\/10\/logo_orange-Bourbon-Lancy-300x300.jpg 300w, https:\/\/transvitalique.fr\/wp-content\/uploads\/2021\/10\/logo_orange-Bourbon-Lancy-150x150.jpg 150w, https:\/\/transvitalique.fr\/wp-content\/uploads\/2021\/10\/logo_orange-Bourbon-Lancy-768x768.jpg 768w, https:\/\/transvitalique.fr\/wp-content\/uploads\/2021\/10\/logo_orange-Bourbon-Lancy-1536x1536.jpg 1536w, https:\/\/transvitalique.fr\/wp-content\/uploads\/2021\/10\/logo_orange-Bourbon-Lancy-2048x2048.jpg 2048w, https:\/\/transvitalique.fr\/wp-content\/uploads\/2021\/10\/logo_orange-Bourbon-Lancy-125x125.jpg 125w\" sizes=\"(max-width: 1024px) 100vw, 1024px\" \/><\/figure><\/li><\/ul><\/figure>\n\n\n\n<p><\/p>\n","protected":false},"excerpt":{"rendered":"<p>En 2020, vous avez \u00e9t\u00e9 nombreux \u00e0 suivre l&rsquo;\u00e9pop\u00e9e de Jean-Pierre Dick et de Fabrice Renouard \u00e0 bord de \u00ab\u00a0Vitali &#8211; The Kid\u00a0\u00bb lors de l&rsquo;Atlantique Rally for Cruisers et<span class=\"more-button\"><a href=\"https:\/\/transvitalique.fr\/\" class=\"more-link\">Lire la suite<span class=\"screen-reader-text\">Le Projet<\/span><\/a><\/span><\/p>\n","protected":false},"author":2,"featured_media":0,"parent":0,"menu_order":0,"comment_status":"closed","ping_status":"closed","template":"","meta":{"spay_email":""},"_links":{"self":[{"href":"https:\/\/transvitalique.fr\/index.php\/wp-json\/wp\/v2\/pages\/259"}],"collection":[{"href":"https:\/\/transvitalique.fr\/index.php\/wp-json\/wp\/v2\/pages"}],"about":[{"href":"https:\/\/transvitalique.fr\/index.php\/wp-json\/wp\/v2\/types\/page"}],"author":[{"embeddable":true,"href":"https:\/\/transvitalique.fr\/index.php\/wp-json\/wp\/v2\/users\/2"}],"replies":[{"embeddable":true,"href":"https:\/\/transvitalique.fr\/index.php\/wp-json\/wp\/v2\/comments?post=259"}],"version-history":[{"count":20,"href":"https:\/\/transvitalique.fr\/index.php\/wp-json\/wp\/v2\/pages\/259\/revisions"}],"predecessor-version":[{"id":473,"href":"https:\/\/transvitalique.fr\/index.php\/wp-json\/wp\/v2\/pages\/259\/revisions\/473"}],"wp:attachment":[{"href":"https:\/\/transvitalique.fr\/index.php\/wp-json\/wp\/v2\/media?parent=259"}],"curies":[{"name":"wp","href":"https:\/\/api.w.org\/{rel}","templated":true}]}}